{"id":2190,"date":"2023-03-27T14:22:52","date_gmt":"2023-03-27T14:22:52","guid":{"rendered":"https:\/\/aguasdelcolorado.com.ar\/?page_id=2190"},"modified":"2023-03-27T14:22:52","modified_gmt":"2023-03-27T14:22:52","slug":"acueductos-del-oeste","status":"publish","type":"page","link":"https:\/\/aguasdelcolorado.com.ar\/2025\/servicios\/acueductos-del-oeste\/","title":{"rendered":"ACUEDUCTOS DEL OESTE"},"content":{"rendered":"<div class=\"wpb-content-wrapper\"><p>[vc_row][vc_column][vc_column_text]Como parte del compromiso con el desarrollo productivo de la provincia, Aguas del Colorado tiene a su cargo desde el a\u00f1o 2012 la operaci\u00f3n y mantenimiento de los acueductos del oeste pampeano. <span class=\"discussion-level-1 discussion-id-49c8f5e8-bf2a-4900-9d15-ed37cdb0477d notion-enable-hover\" data-token-index=\"1\">Los mismos se extienden por 590 km de tuberias distribuidas en 4 acueductos, y abastecen a 8 localidades, adem\u00e1s de ser la principal fuente de suministro para el desarrollo agropecuario de la regi\u00f3n. <\/span>[\/vc_column_text][\/vc_column][\/vc_row][vc_row][vc_column][vc_column_text]<iframe loading=\"lazy\" src=\"https:\/\/www.google.com\/maps\/d\/u\/2\/embed?mid=1Xymed6xzJmWourWcC4t8znohgDLa8aE&amp;ehbc=2E312F\" width=\"100%\" height=\"300\"><\/iframe>[\/vc_column_text]<div class=\"wpb_content_element \"><style type=\"text\/css\">#ut_accordion_69f3730468552 .ut-accordion-module-item.open .ut-accordion-module-heading { color: rgba(248, 167, 27, 1) }#ut_accordion_69f3730468552 .ut-accordion-module-heading:hover { color: rgba(248, 167, 27, 1) }#ut_accordion_69f3730468552 .ut-accordion-module-heading:active { color: rgba(248, 167, 27, 1) }#ut_accordion_69f3730468552 .ut-accordion-module-heading:focus { color: rgba(248, 167, 27, 1) }#ut_accordion_69f3730468552 .ut-accordion-module-item.open .ut-accordion-module-heading::after { color: #dbdbdb }#ut_accordion_69f3730468552 .ut-accordion-module-heading:hover::after { color: #dbdbdb }#ut_accordion_69f3730468552 .ut-accordion-module-heading:active::after { color: #dbdbdb }#ut_accordion_69f3730468552 .ut-accordion-module-heading:focus::after { color: #dbdbdb }#ut_accordion_69f3730468552 .ut-accordion-module-item { border-top-style:solid; }#ut_accordion_69f3730468552 .ut-accordion-module-item:last-child { border-top-style:solid; border-bottom-style:solid; }#ut_accordion_69f3730468552 .ut-accordion-module-heading::before { -webkit-border-radius: 50%; -moz-border-radius: 50%; border-radius: 50%; }<\/style><div id=\"ut_accordion_69f3730468552\" data-accordion-group class=\"ut-accordion-module ut-accordion-module-group  ut-accordion-module-with-counter ut-accordion-module-with-border\"><div data-accordion data-transition=\"400\" data-easing=\"ease\" class=\"ut-accordion-module-item \"><h3 data-control class=\"ut-accordion-module-heading\" data-counter=\"1\">Acueducto Casa de Piedra - Puelches ( m\u00e1s info )<\/h3><div data-content class=\"ut-accordion-module-content\"><div class=\"ut-accordion-module-inner entry-content clearfix\"><p>El acueducto <strong>Casa de Piedra &#8211; Puelches<\/strong> ubicado al sudoeste de la provincia de La Pampa se extiende por 117 km de ca\u00f1er\u00eda, desde su punto de captaci\u00f3n, a orillas del embalse Casa de Piedra, hasta la localidad de Puelches, a la cual abastece de agua potable. Desde el a\u00f1o 2012, la empresa es responsable de su operaci\u00f3n y mantenimiento.<\/p>\n<p>Esta importante obra hidr\u00e1ulica, situada a la vera de la ruta nacional N\u00b0152, comienza con una estaci\u00f3n de bombeo a orillas del embalse, desde donde se impulsa el agua hasta dos cisternas ubicadas a 21 km de distancia y 90 metros de elevaci\u00f3n. Desde all\u00ed, el agua fluye por diferencia de altura hacia su destino final, suministrando en el camino varios puntos de toma, principalmente para uso ganadero.<\/p>\n<p>El acueducto, construido casi en su totalidad con ca\u00f1er\u00eda de PVC, var\u00eda su di\u00e1metro entre 250 y 90 mm a lo largo de su recorrido, y tiene una capacidad de transporte de caudal medio de 40 m3\/h.<\/p>\n<\/div><\/div><\/div><div data-accordion data-transition=\"400\" data-easing=\"ease\" class=\"ut-accordion-module-item \"><h3 data-control class=\"ut-accordion-module-heading\" data-counter=\"2\">Acueducto Puel\u00e9n - La Reforma - Limay Mahuida - Chacharramendi ( m\u00e1s info )<\/h3><div data-content class=\"ut-accordion-module-content\"><div class=\"ut-accordion-module-inner entry-content clearfix\"><p>El acueducto <strong>Puel\u00e9n &#8211; Limay Mahuida &#8211; Chacharramendi<\/strong> es una obra de ingenier\u00eda inaugurada en el a\u00f1o 1978. Su extensi\u00f3n de 258 km de ca\u00f1er\u00eda conecta la localidad de Puel\u00e9n, la cual dispone de un importante manantial natural de agua, con las localidades de Limay Mahuida y Chacharramendi. Con un caudal medio de 70 m3\/h, este acueducto es fundamental para abastecer a las localidades, como tambi\u00e9n a las tomas ganaderas que se encuentran a lo largo de su recorrido.<\/p>\n<p>El acueducto se divide en dos tramos. El tramo principal se extiende a lo largo de 207 km y discurre junto a la R.P. N\u00b020, desde Puel\u00e9n hasta Chacharramendi pasando por La Reforma. Este tramo est\u00e1 construido de asbesto-cemento y tiene un di\u00e1metro variable entre 250 y 125 mm.<\/p>\n<p>El tramo secundario conecta el tramo principal con la localidad de Limay Mahuida. Contruido en PVC, este ramal tiene una extensi\u00f3n de 51 km ubicados junto a la R.P. N\u00b019. El di\u00e1metro del tramo secundario var\u00eda entre 200 y 63 mm.<\/p>\n<\/div><\/div><\/div><div data-accordion data-transition=\"400\" data-easing=\"ease\" class=\"ut-accordion-module-item \"><h3 data-control class=\"ut-accordion-module-heading\" data-counter=\"3\">Acueducto Punta del Agua - Santa Isabel - Algarrobo del \u00c1guila ( m\u00e1s info )<\/h3><div data-content class=\"ut-accordion-module-content\"><div class=\"ut-accordion-module-inner entry-content clearfix\"><p>El acueducto <strong>Punta de Agua &#8211; Santa Isabel &#8211; Algarrobo del \u00c1guila<\/strong> se localiza en la regi\u00f3n sur de Mendoza y el noroeste de La Pampa, y es un importante proveedor de agua para las localidades de Santa Isabel y Algarrobo del \u00c1guila, as\u00ed como para los puntos de toma que se encuentran en su recorrido.<\/p>\n<p>La obra de cabecera se sit\u00faa en Punta de Agua, una localidad cercana a la base del Cerro Nevado en Mendoza, lo que proporciona agua de gran calidad al ser de manantial y de deshielo. Desde all\u00ed, el agua de los arroyos es canalizada hacia una pileta de filtrado para asegurar su calidad antes de ser transportada por 191 km de ca\u00f1er\u00eda de asbesto-cemento, y di\u00e1metro que varia entre 300 y 150 mm. Debido al pronunciado desnivel de su trayecto, no se requieren estaciones de bombeo, y el acueducto es capaz de transportar un caudal cercano a los 100 m3\/h.<\/p>\n<p>De su extensi\u00f3n total, solo 62 km transcurren por territorio pampeano, divididos en dos tramos. El primero culmina en Santa Isabel, donde el agua es tratada mediante una estaci\u00f3n de filtrado y clorado antes de ser distribuida a la localidad y al segundo tramo de acueducto que lleva el recurso hasta Algarrobo del \u00c1guila.<\/p>\n<\/div><\/div><\/div><div data-accordion data-transition=\"400\" data-easing=\"ease\" class=\"ut-accordion-module-item \"><h3 data-control class=\"ut-accordion-module-heading\" data-counter=\"4\">Acueducto Agua de Torres - La Humada ( m\u00e1s info )<\/h3><div data-content class=\"ut-accordion-module-content\"><div class=\"ut-accordion-module-inner entry-content clearfix\"><p>El acueducto <strong>Agua de Torres &#8211; La Humada<\/strong> se encuentra en la regi\u00f3n noroeste de La Pampa, y provee de agua de manantial al pueblo de La Humada. La fuente de agua proviene del cerro Agua de Torres, y la captaci\u00f3n se realiza a trav\u00e9s de una obra de toma que se sit\u00faa bajo un arroyo en su subalveo.<\/p>\n<p>El acueducto est\u00e1 compuesto por 25 km de ca\u00f1er\u00edas de PVC con di\u00e1metros que var\u00edan entre 200 y 110 mm. En la actualidad, el caudal medio anual que entrega es de 15 m3\/h.<\/p>\n<\/div><\/div><\/div><div data-accordion data-transition=\"400\" data-easing=\"ease\" class=\"ut-accordion-module-item \"><h3 data-control class=\"ut-accordion-module-heading\" data-counter=\"5\">Acueducto El Meauco - Chacharramendi ( m\u00e1s info )<\/h3><div data-content class=\"ut-accordion-module-content\"><div class=\"ut-accordion-module-inner entry-content clearfix\"><p>Con una longitud de 35.5 Km lleva agua desde el <strong>Acu\u00edfero El Meauco<\/strong> a la Localidad de <strong>Chacharramendi<\/strong> complementando el abastecimiento a la localidad que actualmente es punta de red del <strong>Acueducto Puel\u00e9n &#8211; Chacharramendi<\/strong>.<\/p>\n<p>Para el caudal de extracci\u00f3n y dimensionamiento hidr\u00e1ulico se tuvo en cuenta la posibilidad de abastecer a la localidad de La Reforma, considerando un caudal tres veces de su poblaci\u00f3n actual.<\/p>\n<p>En una segunda etapa, se proyecta construir un nuevo tramo de 10 km de acueducto, en sentido Chacharramendi &#8211; Estaci\u00f3n de Bombeo, en PVC, con un di\u00e1metro 160 mm. El nuevo tramo ser\u00e1 paralelo al existente, que es de asbesto cemento y 125 mm de di\u00e1metro; dicho di\u00e1metro y su antig\u00fcedad constituyen una limitante para transportar mayor caudal a La Reforma. Se proyecta, adem\u00e1s, en esta segunda etapa, instalar cuatro bombas alimentadas con pantallas solares para alcanzar el caudal de dise\u00f1o total adoptado para la nueva ca\u00f1er\u00eda, igual a 74 m\u00b3\/h.<\/p>\n<\/div><\/div><\/div><\/div><\/div>[\/vc_column][\/vc_row][vc_row][vc_column][\/vc_column][\/vc_row]<\/p>\n<\/div>","protected":false},"excerpt":{"rendered":"<p>[vc_row][vc_column][vc_column_text]Como parte del compromiso con el desarrollo productivo de la provincia, Aguas del Colorado tiene a su cargo desde el a\u00f1o 2012 la operaci\u00f3n y mantenimiento de los acueductos del oeste pampeano. Los mismos se extienden por 590 km de tuberias distribuidas en 4 acueductos, y abastecen a 8 localidades, adem\u00e1s de ser la principal [&hellip;]<\/p>\n","protected":false},"author":1,"featured_media":0,"parent":2071,"menu_order":0,"comment_status":"closed","ping_status":"closed","template":"","meta":{"footnotes":""},"class_list":["post-2190","page","type-page","status-publish","hentry"],"_links":{"self":[{"href":"https:\/\/aguasdelcolorado.com.ar\/2025\/wp-json\/wp\/v2\/pages\/2190","targetHints":{"allow":["GET"]}}],"collection":[{"href":"https:\/\/aguasdelcolorado.com.ar\/2025\/wp-json\/wp\/v2\/pages"}],"about":[{"href":"https:\/\/aguasdelcolorado.com.ar\/2025\/wp-json\/wp\/v2\/types\/page"}],"author":[{"embeddable":true,"href":"https:\/\/aguasdelcolorado.com.ar\/2025\/wp-json\/wp\/v2\/users\/1"}],"replies":[{"embeddable":true,"href":"https:\/\/aguasdelcolorado.com.ar\/2025\/wp-json\/wp\/v2\/comments?post=2190"}],"version-history":[{"count":0,"href":"https:\/\/aguasdelcolorado.com.ar\/2025\/wp-json\/wp\/v2\/pages\/2190\/revisions"}],"up":[{"embeddable":true,"href":"https:\/\/aguasdelcolorado.com.ar\/2025\/wp-json\/wp\/v2\/pages\/2071"}],"wp:attachment":[{"href":"https:\/\/aguasdelcolorado.com.ar\/2025\/wp-json\/wp\/v2\/media?parent=2190"}],"curies":[{"name":"wp","href":"https:\/\/api.w.org\/{rel}","templated":true}]}}