{"id":2189,"date":"2023-03-27T14:22:44","date_gmt":"2023-03-27T14:22:44","guid":{"rendered":"https:\/\/aguasdelcolorado.com.ar\/?page_id=2189"},"modified":"2023-03-27T14:22:44","modified_gmt":"2023-03-27T14:22:44","slug":"acueducto-rio-colorado","status":"publish","type":"page","link":"https:\/\/aguasdelcolorado.com.ar\/2025\/servicios\/acueducto-rio-colorado\/","title":{"rendered":"ACUEDUCTO R\u00cdO COLORADO"},"content":{"rendered":"<div class=\"wpb-content-wrapper\"><p>[vc_row][vc_column]<div class=\"wpb_content_element  vc_custom_1684804298880\"><style type=\"text\/css\">#ut_header_69f3719fb2373 h2.section-title { font-size:45px !important; }<\/style><header id=\"ut_header_69f3719fb2373\" class=\"section-header  ut-no-title-linebreak-mobile ut-no-lead-linebreak-mobile pt-style-2 header-center header-tablet-center header-mobile-center\"><h2 data-title=\"Una obra estrat\u00e9gica para el desarrollo.\"  data-responsive-font=\"section_title\" data-responsive-font-settings=\"{&quot;base-font-size&quot;:&quot;global&quot;,&quot;font-size&quot;:{&quot;desktop_large&quot;:&quot;45&quot;},&quot;base-line-height&quot;:&quot;global&quot;,&quot;base-letter-spacing&quot;:&quot;global&quot;}\" class=\"section-title  \"><span>Una obra estrat\u00e9gica para el desarrollo.<\/span><\/h2><\/header><\/div>[vc_column_text]La provincia de La Pampa se caracteriza por tener un clima \u00e1rido y semi\u00e1rido, que limita la disponibilidad de recursos h\u00eddricos superficiales. La mayor parte de las poblaciones se abastec\u00edan de aguas subterr\u00e1neas, que presentan altos niveles de fl\u00faor, ars\u00e9nico y sales totales, perjudiciales para la salud. Ante el crecimiento de la demanda de agua potable, el gobierno provincial decidi\u00f3 resolver el problema mediante un sistema de <strong>acueductos que se nutre de las aguas del R\u00edo Colorado<\/strong>, el \u00fanico r\u00edo permanente que recorre el sur del territorio. Para ello, se proyect\u00f3 <strong>una obra estrat\u00e9gica que transporta y distribuye el agua<\/strong> tratada a lo largo de la provincia, beneficiando a 46 localidades.[\/vc_column_text][ut_parallax_quote quote_linebreak_mobile=&#8221;on&#8221; quote_ins_font_weight=&#8221;&#8221; cite_font_weight=&#8221;&#8221;]Una obra que beneficia a 19 localidades.[\/ut_parallax_quote][vc_column_text]El sistema se divide en dos etapas: la primera, concretada en el a\u00f1o 2005, lleva el agua desde el r\u00edo hasta Santa Rosa y otras 18 localidades a trav\u00e9s de un <strong>acueducto troncal de 267 km<\/strong>; y la segunda, que se encuentra en fase de proyecto, llevar\u00e1 el agua hasta General Pico y el norte provincial. Adem\u00e1s, se construy\u00f3 un acueducto secundario que junto al troncal suman 490 km de extensi\u00f3n. <strong>Aguas del Colorado SAPEM<\/strong> es la empresa responsable de gestionar este sistema.[\/vc_column_text][ut_parallax_quote quote_linebreak_mobile=&#8221;on&#8221; quote_ins_font_weight=&#8221;&#8221; cite_font_weight=&#8221;&#8221;]La segunda etapa del acueducto del R\u00edo Colorado: un proyecto que ampliar\u00e1 el servicio de agua potable al norte provincial.[\/ut_parallax_quote][vc_gmaps link=&#8221;#E-8_JTNDaWZyYW1lJTIwc3JjJTNEJTIyaHR0cHMlM0ElMkYlMkZ3d3cuZ29vZ2xlLmNvbSUyRm1hcHMlMkZkJTJGdSUyRjIlMkZlbWJlZCUzRm1pZCUzRDFBcjV0MHBhTUVYNzZYM1hCUUt4N0w3YkZMaTVBYndjJTI2YW1wJTNCZWhiYyUzRDJFMzEyRiUyMiUyMHdpZHRoJTNEJTIyMTAwJTI1JTIyJTIwaGVpZ2h0JTNEJTIyNDUwJTIyJTNFJTNDJTJGaWZyYW1lJTNF&#8221;][vc_separator][\/vc_column][\/vc_row][vc_section][vc_row el_id=&#8221;planta&#8221;][vc_column]<div class=\"wpb_content_element \"><style type=\"text\/css\">#ut_header_69f3719fba68d h2.section-title { font-size:45px !important; }<\/style><header id=\"ut_header_69f3719fba68d\" class=\"section-header  ut-no-title-linebreak-mobile ut-no-lead-linebreak-mobile pt-style-2 header-center header-tablet-center header-mobile-center\"><h2 data-title=\"Planta Potabilizadora en Pichi Mahuida\"  data-responsive-font=\"section_title\" data-responsive-font-settings=\"{&quot;base-font-size&quot;:&quot;global&quot;,&quot;font-size&quot;:{&quot;desktop_large&quot;:&quot;45&quot;},&quot;base-line-height&quot;:&quot;global&quot;,&quot;base-letter-spacing&quot;:&quot;global&quot;}\" class=\"section-title  \"><span>Planta Potabilizadora en Pichi Mahuida<\/span><\/h2><\/header><\/div>[vc_row_inner][vc_column_inner width=&#8221;1\/2&#8243;]<div id=\"ut_oms_69f3719fbaf2e\" class=\"wpb_content_element \"><style type=\"text\/css\"> #ut_oms_69f3719fbaf2e .ut-gallery-slider-caption-wrap::before { content: \"\"; }<\/style><div class=\"ut-owl-gallery-slider-wrap ut-owl-gallery-slider-style-one\"><div id=\"ut_ms_69f3719fbaf2c\" class=\"ut-owl-gallery-slider owl-carousel owl-theme \" data-settings=\"{&quot;items&quot;:&quot;1&quot;,&quot;lazyLoad&quot;:true,&quot;smartSpeed&quot;:600,&quot;animateIn&quot;:false,&quot;animateOut&quot;:false,&quot;autoplay&quot;:false,&quot;autoplayHoverPause&quot;:true,&quot;autoplayTimeout&quot;:5000,&quot;loop&quot;:true,&quot;nav&quot;:false,&quot;dots&quot;:false,&quot;lightbox&quot;:&quot;yes&quot;}\"><div><figure class=\"ut-gallery-slider-caption-wrap\"><a data-title=\"\" data-caption=\"\" data-caption-color=\"\" data-caption-background=\"\" data-trigger-id=\"ut-lightbox-trigger-2296\" data-exthumbimage=\"https:\/\/aguasdelcolorado.com.ar\/2025\/wp-content\/plugins\/ut-shortcodes\/\/img\/placeholder\/replace-normal.jpg\" href=\"https:\/\/aguasdelcolorado.com.ar\/2025\/wp-content\/plugins\/ut-shortcodes\/\/img\/placeholder\/replace-normal.jpg\" class=\"for-lightbox ut-slider-maximize\"><i class=\"Bklyn-Core-Maximize-3\"><\/i><\/a><img class=\"item owl-lazy\"  data-src=\"https:\/\/aguasdelcolorado.com.ar\/2025\/wp-content\/plugins\/ut-shortcodes\/\/img\/placeholder\/replace-normal.jpg\" \/><\/figure><\/div><div><figure class=\"ut-gallery-slider-caption-wrap\"><a data-title=\"\" data-caption=\"\" data-caption-color=\"\" data-caption-background=\"\" data-trigger-id=\"ut-lightbox-trigger-2310\" data-exthumbimage=\"https:\/\/aguasdelcolorado.com.ar\/2025\/wp-content\/plugins\/ut-shortcodes\/\/img\/placeholder\/replace-normal.jpg\" href=\"https:\/\/aguasdelcolorado.com.ar\/2025\/wp-content\/plugins\/ut-shortcodes\/\/img\/placeholder\/replace-normal.jpg\" class=\"for-lightbox ut-slider-maximize\"><i class=\"Bklyn-Core-Maximize-3\"><\/i><\/a><img class=\"item owl-lazy\"  data-src=\"https:\/\/aguasdelcolorado.com.ar\/2025\/wp-content\/plugins\/ut-shortcodes\/\/img\/placeholder\/replace-normal.jpg\" \/><\/figure><\/div><div><figure class=\"ut-gallery-slider-caption-wrap\"><a data-title=\"\" data-caption=\"\" data-caption-color=\"\" data-caption-background=\"\" data-trigger-id=\"ut-lightbox-trigger-2322\" data-exthumbimage=\"https:\/\/aguasdelcolorado.com.ar\/2025\/wp-content\/plugins\/ut-shortcodes\/\/img\/placeholder\/replace-normal.jpg\" href=\"https:\/\/aguasdelcolorado.com.ar\/2025\/wp-content\/plugins\/ut-shortcodes\/\/img\/placeholder\/replace-normal.jpg\" class=\"for-lightbox ut-slider-maximize\"><i class=\"Bklyn-Core-Maximize-3\"><\/i><\/a><img class=\"item owl-lazy\"  data-src=\"https:\/\/aguasdelcolorado.com.ar\/2025\/wp-content\/plugins\/ut-shortcodes\/\/img\/placeholder\/replace-normal.jpg\" \/><\/figure><\/div><div><figure class=\"ut-gallery-slider-caption-wrap\"><a data-title=\"\" data-caption=\"\" data-caption-color=\"\" data-caption-background=\"\" data-trigger-id=\"ut-lightbox-trigger-2316\" data-exthumbimage=\"https:\/\/aguasdelcolorado.com.ar\/2025\/wp-content\/plugins\/ut-shortcodes\/\/img\/placeholder\/replace-normal.jpg\" href=\"https:\/\/aguasdelcolorado.com.ar\/2025\/wp-content\/plugins\/ut-shortcodes\/\/img\/placeholder\/replace-normal.jpg\" class=\"for-lightbox ut-slider-maximize\"><i class=\"Bklyn-Core-Maximize-3\"><\/i><\/a><img class=\"item owl-lazy\"  data-src=\"https:\/\/aguasdelcolorado.com.ar\/2025\/wp-content\/plugins\/ut-shortcodes\/\/img\/placeholder\/replace-normal.jpg\" \/><\/figure><\/div><div><figure class=\"ut-gallery-slider-caption-wrap\"><a data-title=\"\" data-caption=\"\" data-caption-color=\"\" data-caption-background=\"\" data-trigger-id=\"ut-lightbox-trigger-2289\" data-exthumbimage=\"https:\/\/aguasdelcolorado.com.ar\/2025\/wp-content\/plugins\/ut-shortcodes\/\/img\/placeholder\/replace-normal.jpg\" href=\"https:\/\/aguasdelcolorado.com.ar\/2025\/wp-content\/plugins\/ut-shortcodes\/\/img\/placeholder\/replace-normal.jpg\" class=\"for-lightbox ut-slider-maximize\"><i class=\"Bklyn-Core-Maximize-3\"><\/i><\/a><img class=\"item owl-lazy\"  data-src=\"https:\/\/aguasdelcolorado.com.ar\/2025\/wp-content\/plugins\/ut-shortcodes\/\/img\/placeholder\/replace-normal.jpg\" \/><\/figure><\/div><div><figure class=\"ut-gallery-slider-caption-wrap\"><a data-title=\"\" data-caption=\"\" data-caption-color=\"\" data-caption-background=\"\" data-trigger-id=\"ut-lightbox-trigger-2286\" data-exthumbimage=\"https:\/\/aguasdelcolorado.com.ar\/2025\/wp-content\/plugins\/ut-shortcodes\/\/img\/placeholder\/replace-normal.jpg\" href=\"https:\/\/aguasdelcolorado.com.ar\/2025\/wp-content\/plugins\/ut-shortcodes\/\/img\/placeholder\/replace-normal.jpg\" class=\"for-lightbox ut-slider-maximize\"><i class=\"Bklyn-Core-Maximize-3\"><\/i><\/a><img class=\"item owl-lazy\"  data-src=\"https:\/\/aguasdelcolorado.com.ar\/2025\/wp-content\/plugins\/ut-shortcodes\/\/img\/placeholder\/replace-normal.jpg\" \/><\/figure><\/div><div><figure class=\"ut-gallery-slider-caption-wrap\"><a data-title=\"\" data-caption=\"\" data-caption-color=\"\" data-caption-background=\"\" data-trigger-id=\"ut-lightbox-trigger-2285\" data-exthumbimage=\"https:\/\/aguasdelcolorado.com.ar\/2025\/wp-content\/plugins\/ut-shortcodes\/\/img\/placeholder\/replace-normal.jpg\" href=\"https:\/\/aguasdelcolorado.com.ar\/2025\/wp-content\/plugins\/ut-shortcodes\/\/img\/placeholder\/replace-normal.jpg\" class=\"for-lightbox ut-slider-maximize\"><i class=\"Bklyn-Core-Maximize-3\"><\/i><\/a><img class=\"item owl-lazy\"  data-src=\"https:\/\/aguasdelcolorado.com.ar\/2025\/wp-content\/plugins\/ut-shortcodes\/\/img\/placeholder\/replace-normal.jpg\" \/><\/figure><\/div><div><figure class=\"ut-gallery-slider-caption-wrap\"><a data-title=\"\" data-caption=\"\" data-caption-color=\"\" data-caption-background=\"\" data-trigger-id=\"ut-lightbox-trigger-2284\" data-exthumbimage=\"https:\/\/aguasdelcolorado.com.ar\/2025\/wp-content\/plugins\/ut-shortcodes\/\/img\/placeholder\/replace-normal.jpg\" href=\"https:\/\/aguasdelcolorado.com.ar\/2025\/wp-content\/plugins\/ut-shortcodes\/\/img\/placeholder\/replace-normal.jpg\" class=\"for-lightbox ut-slider-maximize\"><i class=\"Bklyn-Core-Maximize-3\"><\/i><\/a><img class=\"item owl-lazy\"  data-src=\"https:\/\/aguasdelcolorado.com.ar\/2025\/wp-content\/plugins\/ut-shortcodes\/\/img\/placeholder\/replace-normal.jpg\" \/><\/figure><\/div><\/div><a href=\"#\" data-for=\"ut_ms_69f3719fbaf2c\" class=\"ut-prev-gallery-slide ut-single-slider-control\"><i class=\"Bklyn-Core-Left-2\"><\/i><\/a><a href=\"#\" data-for=\"ut_ms_69f3719fbaf2c\" class=\"ut-next-gallery-slide ut-single-slider-control\"><i class=\"Bklyn-Core-Right-2\"><\/i><\/a><\/div><\/div>[\/vc_column_inner][vc_column_inner width=&#8221;1\/2&#8243;][vc_column_text]La <strong>planta potabilizadora<\/strong> de Pichi Mahuida es la encargada de <strong>captar el agua del r\u00edo Colorado<\/strong> y transformarla en agua apta para el consumo humano. El proceso de <strong>potabilizaci\u00f3n<\/strong> consta de cuatro etapas principales: decantaci\u00f3n, filtraci\u00f3n, ablandamiento y cloraci\u00f3n.<\/p>\n<p>En la primera etapa de potabilizaci\u00f3n, se eliminan las part\u00edculas suspendidas en el agua con la ayuda de coagulantes y floculantes (sulfato de aluminio y polielectrolito), que provocan que las part\u00edculas aumenten su tama\u00f1o y su peso, lo que facilita su sedimentaci\u00f3n en los decantadores. El agua limpia pasa a los filtros mientras que el lodo se purga y se drena.[\/vc_column_text][\/vc_column_inner][\/vc_row_inner][ut_parallax_quote quote_linebreak_mobile=&#8221;on&#8221; quote_ins_font_weight=&#8221;&#8221; cite_font_weight=&#8221;&#8221;]La planta potabilizadora de Pichi Mahuida es la encargada de captar el agua del r\u00edo Colorado y transformarla en agua apta para el consumo humano. [\/ut_parallax_quote][vc_column_text]En la segunda etapa, el agua sedimentada en los decantadores se filtra a trav\u00e9s de un medio poroso formado por capas de arena y grava, que son las que componen los filtros. Estas capas retienen las part\u00edculas m\u00e1s finas que no se sedimentaron en los decantadores, como limo, arcilla, algas y coloides. El agua filtrada se separa en dos partes: una se conduce directamente a la cisterna de almacenamiento y la otra se lleva a los tanques ablandadores para reducir su dureza.<\/p>\n<p>En la tercera etapa, se ablanda una parte del agua filtrada para que cumpla con el c\u00f3digo alimentario nacional. El ablandamiento se hace con resinas sint\u00e9ticas que separan los minerales de calcio y magnesio del agua por intercambio i\u00f3nico. Las resinas se regeneran con salmuera en los tanques ablandadores. El agua ablandada se mezcla con el agua filtrada para mejorar su calidad.[\/vc_column_text][ut_parallax_quote quote_linebreak_mobile=&#8221;on&#8221; quote_ins_font_weight=&#8221;&#8221; cite_font_weight=&#8221;&#8221;]Mediante un proceso riguroso de cuatro etapas (decantaci\u00f3n, filtraci\u00f3n, ablandamiento y cloraci\u00f3n), la planta garantiza la eliminaci\u00f3n de impurezas y microorganismos presentes en el agua cruda, obteniendo un agua de calidad \u00f3ptima para el consumo.[\/ut_parallax_quote][vc_column_text]En la cuarta y \u00faltima etapa, el agua mezclada y ablandada se clora con gas cloro para eliminar cualquier microorganismo pat\u00f3geno y garantizar un efecto residual que proteja al agua durante su transporte y distribuci\u00f3n. El agua clorada se bombea desde la planta hasta la cisterna principal, ubicada a 41 km y con una capacidad de 7.500 m\u00b3, desde donde se env\u00eda por gravedad a las distintas localidades servidas por el acueducto.<\/p>\n<p>La planta potabilizadora cuenta con instalaciones complementarias como una estaci\u00f3n de bombeo N\u00b01 que capta e impulsa el agua cruda desde el r\u00edo hasta la planta, una estaci\u00f3n transformadora, un sistema anti-ariete, una estaci\u00f3n de bombeo N\u00b02 que impulsa el agua tratada desde la cisterna de almacenamiento hasta la cisterna principal, un edificio de administraci\u00f3n, una sala de control, un laboratorio, una planta de tratamiento de barros y un edificio de servicios generales.[\/vc_column_text][vc_separator][\/vc_column][\/vc_row][\/vc_section][vc_section][vc_row][vc_column]<div class=\"wpb_content_element \"><style type=\"text\/css\">#ut_header_69f3719fc0cba h2.section-title { font-size:45px !important; }<\/style><header id=\"ut_header_69f3719fc0cba\" class=\"section-header  ut-no-title-linebreak-mobile ut-no-lead-linebreak-mobile pt-style-2 header-center header-tablet-center header-mobile-center\"><h2 data-title=\"El Acueducto y la Distribuci\u00f3n de Agua\"  data-responsive-font=\"section_title\" data-responsive-font-settings=\"{&quot;base-font-size&quot;:&quot;global&quot;,&quot;font-size&quot;:{&quot;desktop_large&quot;:&quot;45&quot;},&quot;base-line-height&quot;:&quot;global&quot;,&quot;base-letter-spacing&quot;:&quot;global&quot;}\" class=\"section-title  \"><span>El Acueducto y la Distribuci\u00f3n de Agua<\/span><\/h2><\/header><\/div>[ut_parallax_quote quote_linebreak_mobile=&#8221;on&#8221; quote_ins_font_weight=&#8221;&#8221; cite_font_weight=&#8221;&#8221;]Estaciones de bombeo estrat\u00e9gicamente ubicadas y cisternas de gran capacidad garantizan un flujo constante y regulado de agua a lo largo del acueducto.[\/ut_parallax_quote][\/vc_column][\/vc_row][\/vc_section][vc_section][vc_row][vc_column width=&#8221;1\/4&#8243;]<div data-effect=\"fadeIn\" data-animateonce=\"yes\" data-delay=\"0\" data-animation-duration=\"3s\" class=\"wpb_content_element ut-animate-image animated  clearfix\"><style type=\"text\/css\">#ut_am_69f3719fc180a { opacity: 1; }#ut_am_wrap_69f3719fc180b .ut-image-gallery-item-caption-title h3 { letter-spacing: 0em; }#ut_am_wrap_69f3719fc180b .ut-gallery-slider-caption { font-weight: bold; }#ut_am_wrap_69f3719fc180b { text-align: left; }@media (min-width: 768px) and (max-width: 1024px) { #ut_am_wrap_69f3719fc180b { text-align: left !important; } }@media (max-width: 767px) { #ut_am_wrap_69f3719fc180b { text-align: center !important; } }<\/style><div id=\"ut_am_wrap_69f3719fc180b\" class=\"ut-image-gallery-image \"><div id=\"ut_reveal_69f3719fc180d\"  data-appear-top-offset=\"auto\" class=\"ut-animated-image-item ut-image-gallery-item ut-animation-done \"><a class=\"ut-deactivated-link\" href=\"#\"><div class=\"ut-box-shadow-container ut-box-shadow-2\"><div class=\"ut-box-shadow-container-inner\"><\/div><\/div><div class=\"ut-animated-image-zoom\"><img loading=\"lazy\" decoding=\"async\" class=\"ut-lazy skip-lazy ut-animated-image \"  id=\"ut_am_69f3719fc180a\" src=\"data:image\/svg+xml;charset=utf-8,%3Csvg xmlns%3D'http%3A%2F%2Fwww.w3.org%2F2000%2Fsvg' viewBox%3D'0 0 800 500'%2F%3E\" data-src=\"https:\/\/aguasdelcolorado.com.ar\/2025\/wp-content\/plugins\/ut-shortcodes\/\/img\/placeholder\/replace-normal.jpg\" width=\"800\" height=\"500\" alt=\"\"\/><\/div><\/a><\/div><\/div><\/div>[\/vc_column][vc_column width=&#8221;3\/4&#8243;][vc_column_text]Desde la planta, se bombean en promedio 1200 m\u00b3\/h de agua hacia la cisterna principal, que es la m\u00e1s grande del acueducto. Esta cisterna tiene una capacidad de 7.500 m\u00b3 y se encuentra ubicada a 41 km de la planta, en el punto m\u00e1s alto del recorrido.<\/p>\n<p>Actualmente, se est\u00e1 construyendo una estaci\u00f3n de bombeo intermedia a 29 km de la planta. Esta estaci\u00f3n contar\u00e1 con una cisterna de 2.500 m\u00b3 de capacidad y fortalecer\u00e1 una de las \u00e1reas m\u00e1s cr\u00edticas del acueducto.<\/p>\n<p>El siguiente punto en el trayecto se encuentra a 45 km de la cisterna principal, donde est\u00e1 ubicada la Estaci\u00f3n de Bombeo N\u00b03 (E.B.3). Esta estaci\u00f3n tiene la funci\u00f3n de reducir la presi\u00f3n en la l\u00ednea de 13 a 9 kg\/cm2.[\/vc_column_text][vc_column_text]A continuaci\u00f3n, a 26 km de E.B.3, se encuentra la Estaci\u00f3n de Bombeo N\u00b0 4 (E.B.4), encargada de la cloraci\u00f3n del agua en la tuber\u00eda para reforzar la cloraci\u00f3n realizada en la planta.<\/p>\n<p>A 8 km de E.B.4, se encuentra la derivaci\u00f3n hacia el acueducto secundario m\u00e1s importante, que abastece con un total de 70 m\u00b3\/h a varias localidades del este de la provincia.<\/p>\n<p>El siguiente punto clave en la ruta principal es la Estaci\u00f3n de Bombeo N\u00b0 5 (E.B.5), ubicada a 51 km de E.B.4. En esta estaci\u00f3n se encuentra una cisterna de 5.000 m\u00b3 de capacidad y tambi\u00e9n es un centro neur\u00e1lgico para el personal encargado del mantenimiento de la l\u00ednea debido a su ubicaci\u00f3n geogr\u00e1fica. En E.B.5 tambi\u00e9n se realiza la cloraci\u00f3n continua del agua que se suministra aguas abajo de la cisterna.<\/p>\n<p>En la \u00faltima etapa, con destino final en Santa Rosa, el acueducto abastece a 3 ramales secundarios que proveen agua a las localidades de General Acha, Quehu\u00e9 y Toay.<\/p>\n<p>A la ciudad de Santa Rosa llega un caudal promedio de 1070 m\u00b3\/h, el cual se almacena en 3 cisternas de 5.000 m\u00b3 de capacidad para ser entregado a la ciudad, la cual cuenta con sus propios reservorios.[\/vc_column_text][\/vc_column][\/vc_row][vc_row][vc_column][vc_separator]<div class=\"wpb_content_element \"><style type=\"text\/css\">#ut_header_69f3719fc1c64 h2.section-title { font-size:45px !important; }<\/style><header id=\"ut_header_69f3719fc1c64\" class=\"section-header  ut-no-title-linebreak-mobile ut-no-lead-linebreak-mobile pt-style-2 header-center header-tablet-center header-mobile-center\"><h2 data-title=\"Calidad del Agua\"  data-responsive-font=\"section_title\" data-responsive-font-settings=\"{&quot;base-font-size&quot;:&quot;global&quot;,&quot;font-size&quot;:{&quot;desktop_large&quot;:&quot;45&quot;},&quot;base-line-height&quot;:&quot;global&quot;,&quot;base-letter-spacing&quot;:&quot;global&quot;}\" class=\"section-title  \"><span>Calidad del Agua<\/span><\/h2><\/header><\/div>[ut_parallax_quote quote_linebreak_mobile=&#8221;on&#8221; quote_ins_font_weight=&#8221;&#8221; cite_font_weight=&#8221;&#8221;]Monitoreo constante en el laboratorio de la planta potabilizadora asegura la calidad del agua en cada etapa, desde su origen hasta el consumo.[\/ut_parallax_quote][\/vc_column][\/vc_row][vc_row][vc_column]<div data-effect=\"fadeIn\" data-animateonce=\"yes\" data-delay=\"0\" data-animation-duration=\"3s\" class=\"wpb_content_element ut-animate-image animated  clearfix\"><style type=\"text\/css\">#ut_am_69f3719fc3dad { opacity: 1; }#ut_am_wrap_69f3719fc3daf .ut-image-gallery-item-caption-title h3 { letter-spacing: 0em; }#ut_am_wrap_69f3719fc3daf .ut-gallery-slider-caption { font-weight: bold; }#ut_am_wrap_69f3719fc3daf { text-align: left; }@media (min-width: 768px) and (max-width: 1024px) { #ut_am_wrap_69f3719fc3daf { text-align: left !important; } }@media (max-width: 767px) { #ut_am_wrap_69f3719fc3daf { text-align: center !important; } }<\/style><div id=\"ut_am_wrap_69f3719fc3daf\" class=\"ut-image-gallery-image \"><div id=\"ut_reveal_69f3719fc3db0\"  data-appear-top-offset=\"auto\" class=\"ut-animated-image-item ut-image-gallery-item ut-animation-done \"><a class=\"ut-deactivated-link\" href=\"#\"><div class=\"ut-box-shadow-container ut-box-shadow-2\"><div class=\"ut-box-shadow-container-inner\"><\/div><\/div><div class=\"ut-animated-image-zoom\"><img loading=\"lazy\" decoding=\"async\" class=\"ut-lazy skip-lazy ut-animated-image \"  id=\"ut_am_69f3719fc3dad\" src=\"data:image\/svg+xml;charset=utf-8,%3Csvg xmlns%3D'http%3A%2F%2Fwww.w3.org%2F2000%2Fsvg' viewBox%3D'0 0 800 500'%2F%3E\" data-src=\"https:\/\/aguasdelcolorado.com.ar\/2025\/wp-content\/plugins\/ut-shortcodes\/\/img\/placeholder\/replace-normal.jpg\" width=\"800\" height=\"500\" alt=\"\"\/><\/div><\/a><\/div><\/div><\/div>[vc_column_text]La planta potabilizadora cuenta con un laboratorio donde se realizan <strong>controles de calidad del agua<\/strong> desde su captaci\u00f3n, tratamiento y posterior distribuci\u00f3n.<\/p>\n<p>La presencia de ars\u00e9nico en las aguas subterr\u00e1neas de varias localidades de nuestra Provincia ha sido siempre motivo de preocupaci\u00f3n y estudio por parte de las autoridades y profesionales relacionados con el servicio de provisi\u00f3n de agua potable para consumo humano.<\/p>\n<p>El agua potabilizada que entrega Aguas del Colorado tiene como caracter\u00edstica especial el bajo contenido de Ars\u00e9nico comparada con las aguas extra\u00eddas de napa fre\u00e1tica.<\/p>\n<p>An\u00e1lisis realizados en laboratorios externos certificados indican como resultado valores menores a 10 ug\/L cumpliendo con el nuevo l\u00edmite exigido por el <strong>C\u00f3digo Alimentario Argentino<\/strong> modificado en el a\u00f1o 2007 y aline\u00e1ndose a las recomendaciones de la <strong>Organizaci\u00f3n Mundial de la Salud<\/strong>.[\/vc_column_text][vc_separator][\/vc_column][\/vc_row][\/vc_section]<\/p>\n<\/div>","protected":false},"excerpt":{"rendered":"<p>[vc_row][vc_column][vc_column_text]La provincia de La Pampa se caracteriza por tener un clima \u00e1rido y semi\u00e1rido, que limita la disponibilidad de recursos h\u00eddricos superficiales. La mayor parte de las poblaciones se abastec\u00edan de aguas subterr\u00e1neas, que presentan altos niveles de fl\u00faor, ars\u00e9nico y sales totales, perjudiciales para la salud. Ante el crecimiento de la demanda de agua [&hellip;]<\/p>\n","protected":false},"author":1,"featured_media":2293,"parent":2071,"menu_order":0,"comment_status":"closed","ping_status":"closed","template":"","meta":{"footnotes":""},"class_list":["post-2189","page","type-page","status-publish","has-post-thumbnail","hentry"],"_links":{"self":[{"href":"https:\/\/aguasdelcolorado.com.ar\/2025\/wp-json\/wp\/v2\/pages\/2189","targetHints":{"allow":["GET"]}}],"collection":[{"href":"https:\/\/aguasdelcolorado.com.ar\/2025\/wp-json\/wp\/v2\/pages"}],"about":[{"href":"https:\/\/aguasdelcolorado.com.ar\/2025\/wp-json\/wp\/v2\/types\/page"}],"author":[{"embeddable":true,"href":"https:\/\/aguasdelcolorado.com.ar\/2025\/wp-json\/wp\/v2\/users\/1"}],"replies":[{"embeddable":true,"href":"https:\/\/aguasdelcolorado.com.ar\/2025\/wp-json\/wp\/v2\/comments?post=2189"}],"version-history":[{"count":0,"href":"https:\/\/aguasdelcolorado.com.ar\/2025\/wp-json\/wp\/v2\/pages\/2189\/revisions"}],"up":[{"embeddable":true,"href":"https:\/\/aguasdelcolorado.com.ar\/2025\/wp-json\/wp\/v2\/pages\/2071"}],"wp:featuredmedia":[{"embeddable":true,"href":"https:\/\/aguasdelcolorado.com.ar\/2025\/wp-json\/"}],"wp:attachment":[{"href":"https:\/\/aguasdelcolorado.com.ar\/2025\/wp-json\/wp\/v2\/media?parent=2189"}],"curies":[{"name":"wp","href":"https:\/\/api.w.org\/{rel}","templated":true}]}}